{"id":423,"date":"2019-05-07T20:25:09","date_gmt":"2019-05-07T18:25:09","guid":{"rendered":"http:\/\/dudelrudel.de\/wordpress\/?page_id=423"},"modified":"2025-05-08T21:03:45","modified_gmt":"2025-05-08T19:03:45","slug":"boulevard-gevelsberg","status":"publish","type":"page","link":"https:\/\/dudelrudel.de\/wordpress\/boulevard-gevelsberg\/","title":{"rendered":"Theo &#038; Hildegard zum 77.sten"},"content":{"rendered":"<p><span style=\"text-decoration: underline;\"><span style=\"font-size: 18pt;\"><strong>Inhalt<\/strong><\/span><\/span><\/p>\n<p><a href=\"#_Toc196290635\"><strong>Heute hier, morgen dort<\/strong><\/a><\/p>\n<p><a href=\"#_Toc196290636\"><strong>Komm ein bisschen mit nach Italien<\/strong><\/a><\/p>\n<p><a href=\"#_Toc196290637\"><strong>Aber bitte mit Sahne<\/strong><\/a><\/p>\n<p><a href=\"#_Toc196290638\"><strong>Hello Mary Lou<\/strong><\/a><\/p>\n<p><a href=\"#_Toc196290639\"><strong>Mit 77 Jahren<\/strong><\/a><\/p>\n<p><a href=\"#_Toc196290640\"><strong>Let it be<\/strong><\/a><\/p>\n<p><a href=\"#_Toc196290641\"><strong>Ring of Fire<\/strong><\/a><\/p>\n<p><a href=\"#_Toc196290642\"><strong>Country Roads<\/strong><\/a><\/p>\n<p><a href=\"#_Toc196290643\"><strong>Those were the Days my Friends<\/strong><\/a><\/p>\n<p><a href=\"#_Toc196290644\"><strong>Bye, Bye Love<\/strong><\/a><\/p>\n<p><strong>\u00a0<\/strong><\/p>\n<p>&nbsp;<\/p>\n<p><a name=\"_Toc196290635\"><\/a><span style=\"font-size: 18pt;\"><strong>Heute hier, morgen dort<\/strong><\/span><\/p>\n<p>Heute hier, morgen dort, bin kaum da, muss ich fort, <br \/>hab&#8216; mich niemals deswegen beklagt. <br \/>Hab es selbst so gew\u00e4hlt, nie die Jahre gez\u00e4hlt, <br \/>nie nach gestern und morgen gefragt.<\/p>\n<p>Chr.:<br \/><em>Manchmal tr\u00e4ume ich schwer und dann denk ich, es w\u00e4r\u2018 <br \/>Zeit zu bleiben und nun was ganz andres zu tun. <br \/>So vergeht Jahr um Jahr und es ist mir l\u00e4ngst klar, <br \/>dass nichts bleibt, dass nichts bleibt, wie es war.<\/em><\/p>\n<p>Dass man mich kaum vermisst, schon nach Tagen vergisst, <br \/>wenn ich l\u00e4ngst wieder anderswo bin, <br \/>st\u00f6rt und k\u00fcmmert mich nicht. <br \/>Vielleicht bleibt mein Gesicht doch dem ein <br \/>oder anderen im Sinn.<\/p>\n<p>Chr.<\/p>\n<p>Fragt mich einer, warum ich so bin, bleib ich stumm, <br \/>denn die Antwort darauf f\u00e4llt mir schwer. <br \/>Denn was neu ist, wird alt und was gestern noch galt, <br \/>stimmt schon heut oder morgen nicht mehr.<\/p>\n<p>Chr. 2x<\/p>\n<p><a name=\"_Toc196290636\"><\/a><span style=\"font-size: 18pt;\"><strong>Komm ein bisschen mit nach Italien<\/strong><\/span><strong><\/p>\n<p><\/strong><\/p>\n<p>Komm ein bisschen mit nach Italien<br \/>Komm ein bisschen mit ans blaue Meer<br \/>Und wir tun als ob das Leben <br \/>eine sch\u00f6ne Reise w\u00e4r<\/p>\n<p>Komm ein bisschen mit nach Italien<br \/>Komm ein bisschen mit, weil sich das lohnt<br \/>Denn am Tag scheint dort die Sonne <br \/>und am Abend scheint der Mond<\/p>\n<p>Aber dann, aber dann<br \/>Zeigt ein richt\u2018ger Italiener, was er kann<br \/>Aber dann, aber dann<br \/>F\u00e4ngt beim Sternenschein die Serenade an<\/p>\n<p>Digidigidig da da dada Digidigidig da da dada<br \/>La la la la la la la la la la la la la la laa\u00a0\u00a0\u00a0\u00a0\u00a0\u00a0\u00a0\u00a0\u00a0\u00a0\u00a0\u00a0\u00a0\u00a0\u00a0\u00a0\u00a0\u00a0\u00a0\u00a0\u00a0\u00a0\u00a0\u00a0\u00a0\u00a0 2X<\/p>\n<p>Eine Nacht, eine Nacht in San Remo<br \/>Ist f\u00fcr uns so wundersch\u00f6n <br \/>Diese Nacht, diese Nacht in San Remo<br \/>M\u00fcsste nie zu Ende gehn?<\/p>\n<p>Komm ein bisschen mit nach Italien<br \/>Komm ein bisschen mit ans blaue Meer<br \/>Und wir tun als ob das Leben <br \/>eine sch\u00f6ne Reise w\u00e4r<\/p>\n<p>Komm ein bisschen mit nach Italien<br \/>Komm ein bisschen mit, weil sich das lohnt<br \/>Denn am Tag scheint dort die Sonne <br \/>und am Abend scheint der Mond<\/p>\n<p>Aber dann, aber dann<br \/>Zeigt ein richt\u2018ger Italiener, was er kann<br \/>Aber dann, aber dann<br \/>F\u00e4ngt beim Sternenschein die Serenade an.<\/p>\n<p><a name=\"_Toc196290637\"><\/a><span style=\"font-size: 18pt;\"><strong>Aber bitte mit Sahne<\/strong><\/span><strong><br \/><\/strong><br \/>Sie treffen sich t\u00e4glich um viertel nach drei, ahahaa \u2013 oh yeah<br \/>Am Stammtisch im Eck in der Konditorei, ahahaa \u2013 oh yeah<br \/>Und blasen zum Sturm auf das Kuchenbuffet,<br \/>Auf Schwarzw\u00e4lder-Kirsch und auf Sahne-Baissier,<br \/>Auf Fr\u00fcchteeis: Ananas, Kirsch und Banane \u2013 aber bitte mit Sahne.<\/p>\n<p>Sie schwatzen und schmatzen, dann holen sie sich, ahahaa \u2013 oh yeah<br \/>Noch Buttercremetorte und Bienenstich, ahahaa \u2013 oh yeah<br \/>Sie pusten und prusten, fast geht nichts mehr rein.<br \/>Nur ein Mohrenkopf h\u00f6chstens, denn Ordnung mu\u00df sein.<br \/>Bei Mathilde, Ottilie, Marie und Liliane, &#8211; Aber bitte mit Sahne.<\/p>\n<p>Und das Ende vom Lied hat wohl jeder geahnt, ahahaa \u2013 oh yeah<br \/>Der Tod hat reium sie dort abgesahnt, ahahaa \u2013 oh yeah<br \/>Die Hinterbliebenen fanden vor Schmerz keine Worte,<br \/>Mit Sacher und Linzer und Marzipantorte<br \/>Hielt als letzte Liliane getreu noch zur Fahne \u2013 Aber bitte mit Sahne.<\/p>\n<p>Doch auch mit Liliane war es schlie\u00dflich vorbei, ahahaa \u2013 oh yeah<br \/>Sie kippte vom Stuhl in der Konditorei, ahahaa \u2013 oh yeah<br \/>Auf dem Sarg gab&#8217;s statt Kr\u00e4nzen verzuckerte Torten<br \/>Und der Pfarrer begrub sie mit r\u00fchrenden Worten:<br \/>Dass der Herrgott den Weg in den Himmel ihr bahne, aber bitte mit Sahne.<\/p>\n<p>Noch ein T\u00e4sschen Kaffee? Aber bitte mit Sahne.<br \/>Noch ein kleines Baissier? Aber bitte mit Sahne.<br \/>Oder soll&#8217;s vielleicht doch ein Keks sein? Aber bitte mit Sahne.<\/p>\n<p><a name=\"_Toc196290638\"><\/a><span style=\"font-size: 18pt;\"><strong>Hello Mary Lou<\/strong><\/span><\/p>\n<p><em><br \/>Ref.:<br \/>Hello Mary Lou, Schau mich an <br \/>Und sag mir bitte einmal: I love you <br \/>Und du Mary Lou Lach mir doch zu, <br \/>so wie ein Sonnenschein, Mary Lou! <br \/><\/em><br \/>Aus dem Hause vis-a-vis Seh ich jeden Morgen, fr\u00fch <br \/>Die Mary Lou ein St\u00fcck die Strasse geh\u2019n <br \/>Schaut sie einmal hinterher Stoppt der ganze Stadtverkehr <br \/>Und alle Autofahrer bleiben steh\u2019n.<\/p>\n<p>Refr.<\/p>\n<p>Manche M\u00e4dchen kann man seh\u2019n\u00a0 Die in langen Hosen geh\u2019n <br \/>Doch Mary Lou hat damit nichts im Sinn <br \/>In ihrem h\u00fcbschen bunten Kleid Ja da ist sie jeder Zeit <br \/>Sch\u00f6ner als die sch\u00f6nste K\u00f6nigin. <\/p>\n<p>Ref. &amp; Letzte Zeile 3 x<\/p>\n<p><strong><br \/><\/strong><a name=\"_Toc196290639\"><\/a><span style=\"font-size: 18pt;\"><strong>Mit 77 Jahren<\/strong><\/span><strong><br \/><\/strong><br \/>Ihr werdet Euch noch wundern, wenn ich erst Rentner bin<br \/>Sobald der Stress vorbei ist, dann lang ich n\u00e4mlich hin, oho, oho, oho<\/p>\n<p>Da f\u00f6hn&#8216; ich \u00e4u\u00dferst l\u00e4ssig, das Haar, das mir noch blieb<br \/>Ich ziehe meinen Bauch ein und mach auf hei\u00dfer Typ, oho, oho, oho<\/p>\n<p>Und sehen mich die Leute entr\u00fcstet an und streng<br \/>Dann sag ich meine Lieben, ihr seht das viel zu eng<\/p>\n<p>Refr.:<br \/><em>Mit 77 Jahren, da f\u00e4ngt das Leben an<br \/>Mit 77 Jahren, da hat man Spa\u00df daran<br \/>Mit 77 Jahren, da kommt man erst in Schuss<br \/>Mit 77, ist noch lang noch nicht Schluss<br \/><\/em><br \/>Ich kauf&#8216; mir ein Motorrad und einen Lederdress<br \/>Und fege durch die Gegend mit 110 PS, oho Oho oho<\/p>\n<p>Ich sing im Stadtpark Lieder dass jeder nur so staunt<br \/>Und spiel&#8216; dazu Gitarre mit einem irren Sound<br \/>Oho, oho, oho<\/p>\n<p>Und mit den and&#8217;ren Kumpels vom Pension\u00e4rsverein<br \/>Da mach ich eine Band auf und wir jazzen ungemein<\/p>\n<p><em>Refr.<br \/><\/em><br \/>Und abends mach ich mich mit Oma auf den Weg<br \/>Dann geh\u2018n wir n\u00e4mlich rocken in eine Diskothek, oho, oho, oho<\/p>\n<p>Im Sommer bind&#8216; ich Blumen um meine Denkerstirn<br \/>Und tramp&#8216; nach San Francisco mein Rheuma auskurier\u2019n,<br \/>Oho, oho, oho<\/p>\n<p>Und voller Stolz verk\u00fcndet mein Enkel Waldemar<br \/>Der ausgeflippte Alte das ist mein Opapa<\/p>\n<p><em>Refr. 2x<\/em><\/p>\n<p>&nbsp;<\/p>\n<p><strong>\u00a0<\/strong><\/p>\n<p><a name=\"_Toc196290640\"><\/a><strong>\u00a0<\/strong><span style=\"font-size: 18pt;\"><strong>Let it be<\/strong><\/span><\/p>\n<p>When I find myself in times of trouble,<br \/>Mother Mary comes to me. Speaking words of wisdom: Let it be <br \/>And in my hour of darkness she is standing right in front of me. <br \/>Speaking words of wisdom: Let it be<\/p>\n<p>Chr.:<br \/><em>Let it be, let it be let it be, let it be <br \/>Whisper words of wisdom Let it be <br \/><\/em><br \/>And when the broken-hearted people <br \/>Living in the world agree. There will be an answer: Let it be<br \/>For though they may be parted there is still a chance that they will see. <br \/>There will be an answer: Let it be.<\/p>\n<p><em>Let it be, let it be let it be, let it be <br \/>Yeah, there will be an answer Let it be <br \/>Let it be, let it be let it be, let it be <br \/>Whisper words of wisdom Let it be <\/em><\/p>\n<p>And when the night is cloudy<br \/>There is still a light that shines on me. Shine until tomorrow: Let it be <br \/>I wake up to the sound of music <br \/>Mother Mary comes to me. Speaking words of wisdom: Let it be<\/p>\n<p><em>Yeah, let it be, let it be Let it be, yeah, let it be <br \/>Oh, there will be an answer Let it be-e <br \/>Let it be, let it be let it be, yeah, let it be <br \/>Whisper words of wisdom Let it be.<\/em><\/p>\n<p><strong>\u00a0<\/strong><\/p>\n<p><a name=\"_Toc196290641\"><\/a><strong>\u00a0<\/strong><span style=\"font-size: 18pt;\"><strong>Ring of Fire<\/strong><\/span><\/p>\n<p>Love is a burning thing<br \/>And it makes a fiery ring<br \/>Bound by wild desire<br \/>I fell in to a ring of fire<\/p>\n<p><em>Refr.:. <\/em><\/p>\n<p><em>I fell in to a burning ring of fire<br \/>I went down, down, down<br \/>And the flames went higher<br \/>And it burns, burns, burns<br \/>The ring of fire, the ring of fire<\/em><\/p>\n<p>The taste of love is sweet<br \/>When hearts like ours meet<br \/>I fell for you like a child<br \/>Oh, but the fire went wild<em><br \/>Refr.<\/em><\/p>\n<h1><a name=\"_Toc196290642\"><\/a><strong>Country Roads<\/strong><\/h1>\n<p>Almost heaven, West Virginia, <br \/>Blue Ridge Mountains, Shenandoah River &#8211; <br \/>Life is old there, older than the trees <br \/>Younger than the mountains, growin&#8216; like a breeze<\/p>\n<p>Chr.:<br \/><em>Country Roads, take me home <br \/>To the place I belong <br \/>West Virginia, mountain momma <br \/>Take me home, country roads<\/em>\u00a0 <em>(Letztemal 2x :Take me home, country roads )<\/em><\/p>\n<p>All my memories gathered &#8218;round her <br \/>Miner&#8217;s lady, stranger to blue water <br \/>Dark and dusty, painted on the sky <br \/>Misty taste of moonshine, Teardrops in my eye\u00a0\u00a0\u00a0\u00a0\u00a0\u00a0\u00a0\u00a0\u00a0\u00a0\u00a0\u00a0\u00a0\u00a0\u00a0\u00a0\u00a0<\/p>\n<p>Chr.<\/p>\n<p>I hear her voice in the mornin&#8216; hour she calls me <br \/>The radio reminds me of my home far away <br \/>And drivin&#8216; down the road I get a feelin&#8216; <br \/>That I should have been home yesterday, yesterday.<\/p>\n<p><a name=\"_Toc196290643\"><\/a><span style=\"font-size: 18pt;\"><strong>Those were the Days my Friends<\/strong><\/span><\/p>\n<p>Once upon a time there was a tavern<br \/>Where we used to raise a glass or two<br \/>Remember how we laughed away the hours<br \/>And dreamed of all the great things we could do<\/p>\n<p><em>Ref.:<br \/>Those were the days my friend<br \/>We thought they&#8217;d never end<br \/>\u00a0We&#8217;d sing and dance forever and a day<br \/>We&#8217;d live the life we choose<br \/>We&#8217;d fight and never lose<br \/>For we were young and sure to have our way.<\/p>\n<p>La la la\u2026.<br \/><\/em><br \/>Then the busy years went rushing by us<br \/>We lost our starry notions on the way<br \/>If by chance I&#8217;d see you in the tavern<br \/>We&#8217;d smile at one another and we&#8217;d said<\/p>\n<p>Ref.<\/p>\n<p>Just tonight I stood before the tavern<br \/>Nothing seemed the way it used to be<br \/>In the glass I saw a strange reflection<br \/>Was that lonely woman really me.<\/p>\n<p>Ref.<\/p>\n<p>Through the door there came familiar laughter<br \/>I saw your face and heard you call my name<br \/>Oh my friend we&#8217;re older but no wiser<br \/>For in our hearts the dreams are still the same<\/p>\n<p>Ref.<\/p>\n<p><strong>\u00a0<\/strong><\/p>\n<p><a name=\"_Toc196290644\"><\/a><strong>\u00a0<\/strong><span style=\"font-size: 18pt;\"><strong>Bye, Bye Love<\/strong><\/span><\/p>\n<p>Chr.:<br \/><em>Bye bye, love Bye bye, happiness<br \/>Hello, loneliness I think I&#8217;m gonna cry<br \/>Bye bye, love Bye bye, sweet caress<br \/>Hello, emptiness I feel like I could die<br \/>Bye bye, my love, goodbye<\/em><\/p>\n<p>There goes my baby with a someone new<br \/>She sure looks happy I sure am blue<br \/>She was my baby &#8218;Til he stepped in<br \/>Goodbye to romance That might have been<\/p>\n<p>Chr.:<br \/><em>Bye bye, love Bye bye, happiness<br \/>Hello, loneliness I think I&#8217;m gonna cry<br \/>Bye bye, love Bye bye, sweet caress<br \/>Hello, emptiness I feel like I could die<br \/>Bye bye, my love, goodbye<\/em><\/p>\n<p>I&#8217;m through with romance I&#8217;m through with love<br \/>I&#8217;m through with countin&#8216; The stars above<br \/>And here&#8217;s reason That I&#8217;m so free<br \/>My lovin&#8216; baby Is a-through with me<\/p>\n<p>Chr. 2x<\/p>\n<p>&nbsp;<\/p>\n","protected":false},"excerpt":{"rendered":"<p>Inhalt Heute hier, morgen dort Komm ein bisschen mit nach Italien Aber bitte mit Sahne Hello Mary Lou Mit 77 Jahren Let it be Ring of Fire Country Roads Those were the Days my Friends Bye, Bye Love \u00a0 &nbsp; Heute hier, morgen dort Heute hier, morgen dort, bin kaum da, muss ich fort, hab&#8216; &hellip; <\/p>\n<p class=\"link-more\"><a href=\"https:\/\/dudelrudel.de\/wordpress\/boulevard-gevelsberg\/\" class=\"more-link\"><span class=\"screen-reader-text\">\u201eTheo &#038; Hildegard zum 77.sten\u201c <\/span>weiterlesen<\/a><\/p>\n","protected":false},"author":1,"featured_media":0,"parent":0,"menu_order":1,"comment_status":"closed","ping_status":"closed","template":"","meta":{"footnotes":""},"class_list":["post-423","page","type-page","status-publish","hentry"],"_links":{"self":[{"href":"https:\/\/dudelrudel.de\/wordpress\/wp-json\/wp\/v2\/pages\/423","targetHints":{"allow":["GET"]}}],"collection":[{"href":"https:\/\/dudelrudel.de\/wordpress\/wp-json\/wp\/v2\/pages"}],"about":[{"href":"https:\/\/dudelrudel.de\/wordpress\/wp-json\/wp\/v2\/types\/page"}],"author":[{"embeddable":true,"href":"https:\/\/dudelrudel.de\/wordpress\/wp-json\/wp\/v2\/users\/1"}],"replies":[{"embeddable":true,"href":"https:\/\/dudelrudel.de\/wordpress\/wp-json\/wp\/v2\/comments?post=423"}],"version-history":[{"count":9,"href":"https:\/\/dudelrudel.de\/wordpress\/wp-json\/wp\/v2\/pages\/423\/revisions"}],"predecessor-version":[{"id":625,"href":"https:\/\/dudelrudel.de\/wordpress\/wp-json\/wp\/v2\/pages\/423\/revisions\/625"}],"wp:attachment":[{"href":"https:\/\/dudelrudel.de\/wordpress\/wp-json\/wp\/v2\/media?parent=423"}],"curies":[{"name":"wp","href":"https:\/\/api.w.org\/{rel}","templated":true}]}}