{"id":29,"date":"2018-04-12T17:16:04","date_gmt":"2018-04-12T15:16:04","guid":{"rendered":"http:\/\/dudelrudel.de\/wordpress\/?page_id=29"},"modified":"2018-05-24T22:45:34","modified_gmt":"2018-05-24T20:45:34","slug":"impressum","status":"publish","type":"page","link":"https:\/\/dudelrudel.de\/wordpress\/impressum\/","title":{"rendered":"Impressum, Datenschutz"},"content":{"rendered":"<div class=\"wrap\">\n<div id=\"primary\" class=\"content-area\">\n<article id=\"post-55\" class=\"post-55 page type-page status-publish hentry\">\n<div class=\"entry-content\">\n<div class=\"entry-content\">\n<div class=\"entry-content\">\n<ol>\n<li><a href=\"#Datenschutz\">Datenschutzerkl\u00e4rung<\/a><\/li>\n<li><a href=\"#Urheber\">Hinweise zu Urhebrrechten<\/a><\/li>\n<li><a href=\"#Impressum\">Impressum und Haftungsausschluss<\/a><\/li>\n<\/ol>\n<p>&nbsp;<\/p>\n<h3><u><a id=\"Datenschutz\"><\/a> 1. Datenschutzerkl\u00e4rung:<\/u><\/h3>\n<h5><em>1.1 Geltungsbereich<\/em><\/h5>\n<p><em>Diese Datenschutzerkl\u00e4rung soll die Nutzer dieser Website gem\u00e4\u00df Bundesdatenschutzgesetz und Telemediengesetz \u00fcber die Art, den Umfang und den Zweck der Erhebung und Verwendung personenbezogener Daten durch den Websitebetreiber informieren. <\/em><em>Der Websitebetreiber nimmt Ihren Datenschutz sehr ernst und behandelt Ihre personenbezogenen Daten vertraulich und entsprechend der gesetzlichen Vorschriften. <\/em><em>Bedenken Sie, dass die Daten\u00fcbertragung im Internet grunds\u00e4tzlich mit Sicherheitsl\u00fccken bedacht sein kann. Ein vollumf\u00e4nglicher Schutz vor dem Zugriff durch Fremde ist nicht realisierbar.<\/em><\/p>\n<h5><em>1.2 Zugriffsdaten<\/em><\/h5>\n<p><em>Der Websitebetreiber bzw. Seitenprovider erhebt Daten \u00fcber Zugriffe auf die Seite und speichert diese als \u201eServer-Logfiles\u201c ab. Folgende Daten werden so protokolliert:<\/em><\/p>\n<ul>\n<li><em>Besuchte Website<\/em><\/li>\n<li><em>Uhrzeit zum Zeitpunkt des Zugriffes<\/em><\/li>\n<li><em>Menge der gesendeten Daten in Byte<\/em><\/li>\n<li><em>Quelle\/Verweis, von welchem Sie auf die Seite gelangten<\/em><\/li>\n<li><em>Verwendeter Browser<\/em><\/li>\n<li><em>Verwendetes Betriebssystem<\/em><\/li>\n<li><em>Verwendete IP-Adresse<\/em><\/li>\n<\/ul>\n<p><em>Die erhobenen Daten dienen lediglich statistischen Auswertungen und zur Verbesserung der Website. Der Websitebetreiber beh\u00e4lt sich allerdings vor, die Server-Logfiles nachtr\u00e4glich zu \u00fcberpr\u00fcfen, sollten konkrete Anhaltspunkte auf eine rechtswidrige Nutzung hinweisen.<\/em><\/p>\n<h5><em>1.3 Cookies<\/em><\/h5>\n<p style=\"margin: 0cm 0cm 21.0pt 0cm;\"><em><span style=\"font-size: 11.0pt; font-family: 'Arial','sans-serif'; color: #333333;\">Diese Website verwendet Cookies. Dabei handelt es sich um kleine Textdateien, welche auf Ihrem Endger\u00e4t gespeichert werden. Ihr Browser greift auf diese Dateien zu. Durch den Einsatz von Cookies erh\u00f6ht sich die Benutzerfreundlichkeit und Sicherheit dieser Website.<\/span><\/em><\/p>\n<p style=\"margin: 0cm 0cm 21.0pt 0cm;\"><em><span style=\"font-size: 11.0pt; font-family: 'Arial','sans-serif'; color: #333333;\">G\u00e4ngige Browser bieten die Einstellungsoption, Cookies nicht zuzulassen. Hinweis: Es ist nicht gew\u00e4hrleistet, dass Sie auf alle Funktionen dieser Website ohne Einschr\u00e4nkungen zugreifen k\u00f6nnen, wenn Sie entsprechende Einstellungen vornehmen.<\/span><\/em><\/p>\n<h5><em>1.4 Umgang mit personenbezogenen Daten<\/em><\/h5>\n<p><em>Es werden durch die Nutzung der Website keine Personebezogenen Daten erhoben und auch nicht an Dritte weitergeleitet. Als personenbezogene Daten gelten s\u00e4mtliche Informationen, welche dazu dienen, Ihre Person zu bestimmen und welche zu Ihnen zur\u00fcckverfolgt werden k\u00f6nnen \u2013 also beispielsweise Ihr Name, Ihre E-Mail-Adresse und Telefonnummer.<\/em><\/p>\n<h5><em>1.5 Umgang mit Kontaktdaten<\/em><\/h5>\n<p><em>Nehmen Sie mit dem Websitebetreiber durch die angebotenen Kontaktm\u00f6glichkeiten Verbindung auf, werden Ihre Angaben gespeichert, damit auf diese zur Bearbeitung und Beantwortung Ihrer Anfrage zur\u00fcckgegriffen werden kann. Ohne Ihre Einwilligung werden diese Daten nicht an Dritte weitergegeben.<\/em><\/p>\n<h5><em>1.6 Umgang mit Kommentaren und Beitr\u00e4gen<\/em><\/h5>\n<p><em>Auf dieser Website sind keine Kommentare m\u00f6glich.<\/em><\/p>\n<h5><em>1.7 Abonnements<\/em><\/h5>\n<p><em>Abbonements sind auf dieser Website nicht vorgesehen.<\/em><\/p>\n<h5><em>1.8 Google Analytics<\/em><\/h5>\n<p><em>Diese Website nutzt den Dienst \u201eGoogle Analytics\u201c nicht.<\/em><\/p>\n<h5><em>1.9 reCaptcha<\/em><\/h5>\n<p><em>Zum Schutz Ihrer Anfragen per Internetformular verwenden wir den Dienst reCAPTCHA des Unternehmens Google Inc. (Google). Die Abfrage dient der Unterscheidung, ob die Eingabe durch einen Menschen oder missbr\u00e4uchlich durch automatisierte, maschinelle Verarbeitung erfolgt. Die Abfrage schlie\u00dft den Versand der IP-Adresse und ggf. weiterer von Google f\u00fcr den Dienst reCAPTCHA ben\u00f6tigter Daten an Google ein. Zu diesem Zweck wird Ihre Eingabe an Google \u00fcbermittelt und dort weiter verwendet. Ihre IP-Adresse wird von Google jedoch innerhalb von Mitgliedstaaten der Europ\u00e4ischen Union oder in anderen Vertragsstaaten des Abkommens \u00fcber den Europ\u00e4ischen Wirtschaftsraum zuvor gek\u00fcrzt. Nur in Ausnahmef\u00e4llen wird die volle IP-Adresse an einen Server von Google in den USA \u00fcbertragen und dort gek\u00fcrzt. Im Auftrag des Betreibers dieser Website wird Google diese Informationen benutzen, um Ihre Nutzung dieses Dienstes auszuwerten. Die im Rahmen von reCaptcha von Ihrem Browser \u00fcbermittelte IP-Adresse wird nicht mit anderen Daten von Google zusammengef\u00fchrt. F\u00fcr diese Daten gelten die abweichenden Datenschutzbestimmungen des Unternehmens Google. Weitere Informationen zu den Datenschutzrichtlinien von Google finden Sie unter: <a href=\"https:\/\/www.google.com\/intl\/de\/policies\/privacy\/\">https:\/\/www.google.com\/intl\/de\/policies\/privacy\/<\/a><\/em><\/p>\n<h5><em><strong>1.10 Verwendung von Google Maps<\/strong><\/em><\/h5>\n<p>Diese Website benutzt Google Maps zur Darstellung eines Lageplanes. Google Maps wird von Google Inc., 1600 Amphitheatre Parkway, Mountain View, CA 94043, USA betrieben. Durch die Nutzung dieser Website erkl\u00e4ren Sie sich mit der Erfassung, Bearbeitung sowie der Nutzung der automatisch erhobenen sowie der von Ihnen eingegeben Daten durch Google, einer seiner Vertreter, oder Drittanbieter einverstanden. Die Nutzungsbedingungen f\u00fcr Google Maps finden Sie unter\u00a0<a href=\"http:\/\/www.google.com\/intl\/de_de\/help\/terms_maps.html\">Nutzungsbedingungen f\u00fcr Google Maps<\/a>. Ausf\u00fchrliche Details finden Sie im Datenschutz-Center von google.de:\u00a0<a href=\"http:\/\/www.google.de\/intl\/de\/privacy\/\">Transparenz und Wahlm\u00f6glichkeiten<\/a>\u00a0sowie\u00a0<a href=\"http:\/\/www.google.de\/intl\/de\/privacy\/privacy-policy.html\">Datenschutzbestimmungen<\/a>.<\/p>\n<h5><em>1.11 Nutzung von Social-Media-Plugins<\/em><\/h5>\n<p><em>Diese Website verwendet keine Social -Media \u2013 Plugins.<\/em><\/p>\n<h5><em>1.12 Nutzung von YouTube-Plugins<\/em><\/h5>\n<p><em>Wir nutzen f\u00fcr die Einbindung von Videos u.a. den Anbieter YouTube. YouTube wird betrieben von YouTube LLC mit Hauptgesch\u00e4ftssitz in 901 Cherry Avenue, San Bruno, CA 94066, USA. YouTube wird vertreten durch Google Inc. mit Sitz in 1600 Amphitheatre Parkway, Mountain View, CA 94043, USA.<\/em><\/p>\n<p><em>Auf einigen unserer Internetseiten verwenden wir Plugins des Anbieters YouTube. Wenn Sie die mit einem solchen Plugin versehenen Internetseiten unserer Internetpr\u00e4senz aufrufen \u2013 beispielsweise unsere Medienseite \u2013, wird eine Verbindung zu den YouTube-Servern hergestellt und dabei das Plugin dargestellt. Hierdurch wird an den YouTube-Server \u00fcbermittelt, welche unserer Internetseiten Sie besucht haben. Sind Sie dabei als Mitglied bei YouTube eingeloggt, ordnet YouTube diese Information Ihrem pers\u00f6nlichen Benutzerkonto zu. Bei Nutzung des Plugins wie z.B. Anklicken des Start-Buttons eines Videos wird diese Information ebenfalls Ihrem Benutzerkonto zugeordnet. Sie k\u00f6nnen diese Zuordnung verhindern, indem Sie sich vor der Nutzung unserer Internetseite aus ihrem YouTube-Benutzerkonto sowie anderen Benutzerkonten der Firmen YouTube LLC und Google Inc. abmelden und die entsprechenden Cookies der Firmen l\u00f6schen.<\/em><\/p>\n<p><em>Weitere Informationen zur Datenverarbeitung und Hinweise zum Datenschutz durch YouTube (Google) finden Sie unter <a href=\"http:\/\/www.google.de\/intl\/de\/policies\/privacy\/\" target=\"_blank\" rel=\"noopener\">www.google.de\/intl\/de\/policies\/privacy\/<\/a>.<\/em><\/p>\n<h5><em>1.13 Externe Links<\/em><\/h5>\n<p><em>Wir verwenden auf unseren Websites Links auf externe Seiten, die besonders gekennzeichnet sind und deren Inhalte sich nicht auf unserem Server befinden. Die externen Inhalte dieser Links wurden beim Setzen der Links gepr\u00fcft. Es kann jedoch nicht ausgeschlossen werden, dass die Inhalte von den jeweiligen Anbietern nachtr\u00e4glich ver\u00e4ndert wurden. Sollten Sie bemerken, dass die Inhalte der externen Anbieter gegen geltendes Recht versto\u00dfen, teilen Sie uns dies bitte mit.<\/em><\/p>\n<p><em>Diese Datenschutzerkl\u00e4rung gilt nur f\u00fcr Inhalte auf unseren Servern.<\/em><\/p>\n<h5><em>1.14 Videos und Fotos<\/em><\/h5>\n<p><em>Die auf dieser Internetseite dargestellten Fotos stellen ausschlie\u00dflich die Betreiber der Internetseite dar bzw. die angeschlossenen Mitglieder. Diese haben der Darstellung auf dieser Internetseite zugestimmt.\u00a0<\/em><\/p>\n<p><em>Fotos und Videos auf externen Websiten (z.B. Verlinkungen zu Presseartikeln oder zu YouTube) unterliegen den Datenschutzrichtlinienen dieser Website \u2013 Betreiber.<\/em><\/p>\n<h5><em>1.15 Rechte des Nutzers: Auskunft, Berichtigung und L\u00f6schung<\/em><\/h5>\n<p><em>Grunds\u00e4tzlich werden keine personenbezogenen Daten erhoben. Sofern Sie \u00fcber das Kontaktformular Angaben zu Ihrer Person gemacht haben, haben Sie jederzeit das Recht, kostenlose Auskunft dar\u00fcber zu erhalten, welche personenbezogenen Daten \u00fcber Sie gespeichert wurden. Sofern Ihr Wunsch nicht mit einer gesetzlichen Pflicht zur Aufbewahrung von Daten (z. B. Vorratsdatenspeicherung) kollidiert, haben Sie ein Anrecht auf Berichtigung falscher Daten und auf die Sperrung oder L\u00f6schung<br \/>\n<\/em><\/p>\n<h3><u><a id=\"Urheber\"><\/a>2. Urheberrechte zu Video-, Audio-, Fotohinweise:<\/u><\/h3>\n<p><em>Alle Video- und Audioaufnahmen wurden durchDreckP\u00e4ck erstellt und sind ebenso urheberrechtlich gesch\u00fctzt. Es handelt sich ausschlie\u00dflich um Werke, die durch DreckP\u00e4ck entweder komponiert oder bearbeitet und arrangiert wurden. Die Fotos wurden mit Zustimmung der Urheber Sofie Brochheuser f\u00fcr diese Internetseite genutzt. Eine weitere Nutzung der Fotos wie auch der Audio- und Videofiles durch Dritte ist nur mit ausdr\u00fccklicher Zustimmung der Urheber und DreckP\u00e4ck m\u00f6glich.<\/em><\/p>\n<h3><u><a id=\"Impressum\"><\/a>3. Impressum und Haftungsausschluss:<\/u><\/h3>\n<p><em>V.i.S.d.M.:R.Gies<br \/>\nElberfelder Str.121<br \/>\n58285 Gevelsberg<\/em><\/p>\n<h5><em>\u00a0\u00a0 3.1 Inhalt des Onlineangebotes<\/em><\/h5>\n<p><em>Alle Angebote sind freibleibend und unverbindlich. Der Autor beh\u00e4lt es sich ausdr\u00fccklich vor, Teile der Seiten oder das gesamte Angebot ohne gesonderte Ank\u00fcndigung zu ver\u00e4ndern, zu erg\u00e4nzen, zu l\u00f6schen oder die Ver\u00f6ffentlichung zeitweise oder endg\u00fcltig einzustellen.<\/em><\/p>\n<h5><em>\u00a0\u00a0 3.2 Verweise und Links<\/em><\/h5>\n<p><em>Bei direkten oder indirekten Verweisen auf fremde Webseiten (\u201cHyperlinks\u201d), die au\u00dferhalb des Verantwortungsbereiches des Autors liegen, w\u00fcrde eine Haftungsverpflichtung ausschlie\u00dflich in dem Fall in Kraft treten, in dem der Autor von den Inhalten Kenntnis hat und es ihm technisch m\u00f6glich und zumutbar w\u00e4re, die Nutzung im Falle rechtswidriger Inhalte zu verhindern. Der Autor erkl\u00e4rt hiermit ausdr\u00fccklich, dass zum Zeitpunkt der Linksetzung keine illegalen Inhalte auf den zu verlinkenden Seiten erkennbar waren. Auf die aktuelle und zuk\u00fcnftige Gestaltung, die Inhalte oder die Urheberschaft der verlinkten\/verkn\u00fcpften Seiten hat der Autor keinerlei Einfluss. Deshalb distanziert er sich hiermit ausdr\u00fccklich von allen Inhalten aller verlinkten\/verkn\u00fcpften Seiten, die nach der Linksetzung ver\u00e4ndert wurden. Diese Feststellung gilt f\u00fcr alle innerhalb des eigenen Internetangebotes gesetzten Links und Verweise sowie f\u00fcr Fremdeintr\u00e4ge in vom Autor eingerichteten G\u00e4steb\u00fcchern, Diskussionsforen, Linkverzeichnissen, Mailinglisten und in allen anderen Formen von Datenbanken, auf deren Inhalt externe Schreibzugriffe m\u00f6glich sind. F\u00fcr illegale, fehlerhafte oder unvollst\u00e4ndige Inhalte und insbesondere f\u00fcr Sch\u00e4den, die aus der Nutzung oder Nichtnutzung solcherart dargebotener Informationen entstehen, haftet allein der Anbieter der Seite, auf welche verwiesen wurde, nicht derjenige, der \u00fcber Links auf die jeweilige Ver\u00f6ffentlichung lediglich verweist.<\/em><\/p>\n<h5><em>\u00a0\u00a0 3.3 Urheber- und Kennzeichenrecht<\/em><\/h5>\n<p><em>Der Autor ist bestrebt, in allen Publikationen die Urheberrechte der verwendeten Grafiken, Tondokumente, Videosequenzen und Texte zu beachten, von ihm selbst erstellte Grafiken, Tondokumente, Videosequenzen und Texte zu nutzen oder auf lizenzfreie Grafiken, Tondokumente, Videosequenzen und Texte zur\u00fcckzugreifen. Alle innerhalb des Internetangebotes genannten und ggf. durch Dritte gesch\u00fctzten Marken- und Warenzeichen unterliegen uneingeschr\u00e4nkt den Bestimmungen des jeweils g\u00fcltigen Kennzeichenrechts und den Besitzrechten der jeweiligen eingetragenen Eigent\u00fcmer. Allein aufgrund der blo\u00dfen Nennung ist nicht der Schluss zu ziehen, dass Markenzeichen nicht durch Rechte Dritter gesch\u00fctzt sind! Das Copyright f\u00fcr ver\u00f6ffentlichte, vom Autor selbst erstellte Objekte bleibt allein beim Autor der Seiten. Eine Vervielf\u00e4ltigung oder Verwendung solcher Grafiken, Tondokumente, Videosequenzen und Texte in anderen elektronischen oder gedruckten Publikationen ist ohne ausdr\u00fcckliche Zustimmung des Autors nicht gestattet.<\/em><\/p>\n<h5><em>\u00a0\u00a0\u00a0 3.4 Rechtswirksamkeit dieses Haftungsausschlusses<\/em><\/h5>\n<p><em>Dieser Haftungsausschluss ist als Teil des Internetangebotes zu betrachten, von dem aus auf diese Seite verwiesen wurde. Sofern Teile oder einzelne Formulierungen dieses Textes der geltenden Rechtslage nicht, nicht mehr oder nicht vollst\u00e4ndig entsprechen sollten, bleiben die \u00fcbrigen Teile des Dokumentes in ihrem Inhalt und ihrer G\u00fcltigkeit davon unber\u00fchrt.<\/em><\/p>\n<\/div>\n<\/div>\n<\/div>\n<\/article>\n<\/div>\n<\/div>\n","protected":false},"excerpt":{"rendered":"<p>Datenschutzerkl\u00e4rung Hinweise zu Urhebrrechten Impressum und Haftungsausschluss &nbsp; 1. Datenschutzerkl\u00e4rung: 1.1 Geltungsbereich Diese Datenschutzerkl\u00e4rung soll die Nutzer dieser Website gem\u00e4\u00df Bundesdatenschutzgesetz und Telemediengesetz \u00fcber die Art, den Umfang und den Zweck der Erhebung und Verwendung personenbezogener Daten durch den Websitebetreiber informieren. Der Websitebetreiber nimmt Ihren Datenschutz sehr ernst und behandelt Ihre personenbezogenen Daten vertraulich und &hellip; <\/p>\n<p class=\"link-more\"><a href=\"https:\/\/dudelrudel.de\/wordpress\/impressum\/\" class=\"more-link\"><span class=\"screen-reader-text\">\u201eImpressum, Datenschutz\u201c <\/span>weiterlesen<\/a><\/p>\n","protected":false},"author":1,"featured_media":0,"parent":0,"menu_order":0,"comment_status":"closed","ping_status":"closed","template":"","meta":{"footnotes":""},"class_list":["post-29","page","type-page","status-publish","hentry"],"_links":{"self":[{"href":"https:\/\/dudelrudel.de\/wordpress\/wp-json\/wp\/v2\/pages\/29","targetHints":{"allow":["GET"]}}],"collection":[{"href":"https:\/\/dudelrudel.de\/wordpress\/wp-json\/wp\/v2\/pages"}],"about":[{"href":"https:\/\/dudelrudel.de\/wordpress\/wp-json\/wp\/v2\/types\/page"}],"author":[{"embeddable":true,"href":"https:\/\/dudelrudel.de\/wordpress\/wp-json\/wp\/v2\/users\/1"}],"replies":[{"embeddable":true,"href":"https:\/\/dudelrudel.de\/wordpress\/wp-json\/wp\/v2\/comments?post=29"}],"version-history":[{"count":4,"href":"https:\/\/dudelrudel.de\/wordpress\/wp-json\/wp\/v2\/pages\/29\/revisions"}],"predecessor-version":[{"id":387,"href":"https:\/\/dudelrudel.de\/wordpress\/wp-json\/wp\/v2\/pages\/29\/revisions\/387"}],"wp:attachment":[{"href":"https:\/\/dudelrudel.de\/wordpress\/wp-json\/wp\/v2\/media?parent=29"}],"curies":[{"name":"wp","href":"https:\/\/api.w.org\/{rel}","templated":true}]}}