{"id":23,"date":"2018-04-12T16:57:49","date_gmt":"2018-04-12T14:57:49","guid":{"rendered":"http:\/\/dudelrudel.de\/wordpress\/?page_id=23"},"modified":"2021-01-25T21:14:50","modified_gmt":"2021-01-25T20:14:50","slug":"rudis-dudelrudel","status":"publish","type":"page","link":"https:\/\/dudelrudel.de\/wordpress\/","title":{"rendered":"Rudis DudelRudel"},"content":{"rendered":"<p>&nbsp;<\/p>\n<p>Kommt, singt und feiert mit Steffi, Sofie und Rudi (Akkordeon, Kontrabass, Gitarre) und erinnert euch gemeinsam an jene alten Zeiten, als das Bett im Kornfeld stand, wir heute hier und morgen dort an einer \u201eCountry Road\u201c standen und gemeinsam sangen: \u201eThose were the Days my friends!\u201c<\/p>\n<p><img loading=\"lazy\" decoding=\"async\" class=\"alignnone wp-image-37\" src=\"http:\/\/dudelrudel.de\/wordpress\/wp-content\/uploads\/2018\/04\/Publikum-300x225.jpg\" alt=\"\" width=\"367\" height=\"275\" srcset=\"https:\/\/dudelrudel.de\/wordpress\/wp-content\/uploads\/2018\/04\/Publikum-300x225.jpg 300w, https:\/\/dudelrudel.de\/wordpress\/wp-content\/uploads\/2018\/04\/Publikum-768x576.jpg 768w, https:\/\/dudelrudel.de\/wordpress\/wp-content\/uploads\/2018\/04\/Publikum-1024x768.jpg 1024w, https:\/\/dudelrudel.de\/wordpress\/wp-content\/uploads\/2018\/04\/Publikum.jpg 1958w\" sizes=\"auto, (max-width: 367px) 100vw, 367px\" \/><\/p>\n<h5>Lieder zum Mitsingen f\u00fcr Alt und Jung.<\/h5>\n<p>Egal ob zu Hause mit Freunden, im Gemeindezentrum, mit Kolleginnen und Kollegen, zum Geburtstag, Jubil\u00e4um, Gartenparty oder als besonderes Event in der Kneipe um die Ecke. W\u00e4hlen Sie aus unseren Programmen oder stellen Sie ihre Lieblingslieder zusammen, wir bereiten die Auswahl vor und pr\u00e4sentieren alles mit wunderbarer Live Musik und Texten zum Mitsingen auf der Leinwand.<\/p>\n","protected":false},"excerpt":{"rendered":"<p>&nbsp; Kommt, singt und feiert mit Steffi, Sofie und Rudi (Akkordeon, Kontrabass, Gitarre) und erinnert euch gemeinsam an jene alten Zeiten, als das Bett im Kornfeld stand, wir heute hier und morgen dort an einer \u201eCountry Road\u201c standen und gemeinsam sangen: \u201eThose were the Days my friends!\u201c Lieder zum Mitsingen f\u00fcr Alt und Jung. Egal &hellip; <\/p>\n<p class=\"link-more\"><a href=\"https:\/\/dudelrudel.de\/wordpress\/\" class=\"more-link\"><span class=\"screen-reader-text\">\u201eRudis DudelRudel\u201c <\/span>weiterlesen<\/a><\/p>\n","protected":false},"author":1,"featured_media":0,"parent":0,"menu_order":0,"comment_status":"closed","ping_status":"closed","template":"","meta":{"footnotes":""},"class_list":["post-23","page","type-page","status-publish","hentry"],"_links":{"self":[{"href":"https:\/\/dudelrudel.de\/wordpress\/wp-json\/wp\/v2\/pages\/23","targetHints":{"allow":["GET"]}}],"collection":[{"href":"https:\/\/dudelrudel.de\/wordpress\/wp-json\/wp\/v2\/pages"}],"about":[{"href":"https:\/\/dudelrudel.de\/wordpress\/wp-json\/wp\/v2\/types\/page"}],"author":[{"embeddable":true,"href":"https:\/\/dudelrudel.de\/wordpress\/wp-json\/wp\/v2\/users\/1"}],"replies":[{"embeddable":true,"href":"https:\/\/dudelrudel.de\/wordpress\/wp-json\/wp\/v2\/comments?post=23"}],"version-history":[{"count":8,"href":"https:\/\/dudelrudel.de\/wordpress\/wp-json\/wp\/v2\/pages\/23\/revisions"}],"predecessor-version":[{"id":549,"href":"https:\/\/dudelrudel.de\/wordpress\/wp-json\/wp\/v2\/pages\/23\/revisions\/549"}],"wp:attachment":[{"href":"https:\/\/dudelrudel.de\/wordpress\/wp-json\/wp\/v2\/media?parent=23"}],"curies":[{"name":"wp","href":"https:\/\/api.w.org\/{rel}","templated":true}]}}